{"id":945,"date":"2022-05-18T14:57:29","date_gmt":"2022-05-18T12:57:29","guid":{"rendered":"https:\/\/staging.myilr.lu\/?page_id=945"},"modified":"2025-02-07T09:47:28","modified_gmt":"2025-02-07T08:47:28","slug":"rechtlichehinweise","status":"publish","type":"page","link":"https:\/\/www.myilr.lu\/de\/rechtlichehinweise\/","title":{"rendered":"Rechtliche Hinweise"},"content":{"rendered":"\n<h2 class=\"wp-block-heading\">ALLGEMEINE NUTZUNGSBEDINGUNGEN<\/h2>\n\n\n\n<p>Bei allen Personen, die auf die Informationen, Dokumente und Dienstleistungen zugreifen, die auf der Seite myilr.lu angeboten werden, wird davon ausgegangen, dass diese die Allgemeinen Nutzungsbedingungen vollst\u00e4ndig zur Kenntnis genommen haben und damit einverstanden sind.<\/p>\n\n\n\n<h3 class=\"wp-block-heading\">Herausgeber der Seite<\/h3>\n\n\n\n<p>myilr.lu ist eine Webseite, die vom Institut Luxembourgeois de R\u00e9gulation (ILR) herausgegeben wird. Auf dieser k\u00f6nnen sich die Nutzer \u00fcber die T\u00e4tigkeit des ILR informieren. Das Hosting der Seite erfolgt durch das ILR.<\/p>\n\n\n\n<h3 class=\"wp-block-heading\">Haftungsbegrenzung<\/h3>\n\n\n\n<p>Es ist unser Bestreben, aktuelle Informationen zu pr\u00e4sentieren. Wir sind stets bem\u00fcht, Fehler zu korrigieren, die uns angezeigt werden. Trotzdem haftet das ILR nicht f\u00fcr die auf seiner Seite verbreiteten Informationen:<\/p>\n\n\n\n<ul class=\"wp-block-list\">\n<li>Das ILR haftet nicht f\u00fcr die Nutzung der Informationen, die auf den Seiten dieser Webseite enthalten sind. Der Inhalt ist nur als Hinweis zu verstehen. Die enthaltenen Informationen sind nicht notwendigerweise vollst\u00e4ndig, allumfassend, exakt und tagesaktuell. Bei Abweichungen zwischen den auf dieser Seite ver\u00f6ffentlichten Texten und den Originaldokumenten gelten die Originaldokumente, unabh\u00e4ngig davon, ob sie im M\u00e9morial oder anderweitig offiziell ver\u00f6ffentlicht wurden.<\/li>\n\n\n\n<li>An verschiedenen Stellen verweist die Seite auf externe Seiten, \u00fcber die das ILR keinerlei Kontrolle aus\u00fcbt und f\u00fcr die es nicht haftet. <\/li>\n\n\n\n<li>Das ILR haftet nicht f\u00fcr eventuelle Sch\u00e4den an Ihrer IT-Anlage aufgrund der Nutzung seiner Seite. <\/li>\n\n\n\n<li>Das ILR haftet nicht f\u00fcr Unterbrechungen, auch tempor\u00e4re, des Dienstes dieser Seite. <\/li>\n<\/ul>\n\n\n\n<p>Diese Klauseln \u00fcber den Haftungsausschluss verfolgen nicht das Ziel, die lt. Gesetz geltenden Anspr\u00fcche zu unterlaufen oder eine Haftung in den F\u00e4llen auszuschlie\u00dfen, in denen diese kraft Gesetzes nicht ausgeschlossen werden kann.<\/p>\n\n\n\n<h3 class=\"wp-block-heading\">Copyright<\/h3>\n\n\n\n<p>Sofern nichts anderes vermerkt ist, ist die Vervielf\u00e4ltigung der auf dieser Seite enthaltenen Informationen zu nicht kommerziellen Zwecken gestattet, sofern die Quelle ausdr\u00fccklich genannt wird.<\/p>\n\n\n\n<h3 class=\"wp-block-heading\">Cookieverwaltung<\/h3>\n\n\n\n<p>Unsere Seite verwendet Cookies; hierbei handelt es sich um kleine Textdateien, die auf der Festplatte Ihres Computers abgelegt werden und anhand derer wir Informationen analysieren k\u00f6nnen, die sich auf den Besuch der Seite durch die Nutzer beziehen (sprachliche Vorlieben, Statistiken, H\u00e4ufigkeit und Dauer der Besuche, besuchte Seiten usw.). Dem Nutzer ist es freigestellt, diese Cookies durch Konfigurieren seines Browsers entsprechend seiner Entscheidung zuzulassen oder abzulehnen. Er kann ebenfalls bereits auf seinem Computer gespeicherte Cookies l\u00f6schen. Wir m\u00f6chten jedoch die Nutzer darauf hinweisen, dass bestimmte Funktionen unserer Seite ohne Cookies m\u00f6glicherweise nicht zur Verf\u00fcgung stehen k\u00f6nnen. Das ILR beh\u00e4lt sich das Recht vor, diese Allgemeinen Nutzungsbedingungen zu \u00e4ndern.<\/p>\n\n\n\n<p><em>Wenn Sie mehr \u00fcber den Datenschutz erfahren wollen, klicken Sie bitte auf den folgenden Link:<\/em><br><a href=\"https:\/\/www.myilr.lu\/mentions-legales\/\">https:\/\/www.myilr.lu\/mentions-legales\/<\/a><\/p>\n","protected":false},"excerpt":{"rendered":"<p>ALLGEMEINE NUTZUNGSBEDINGUNGEN Bei allen Personen, die auf die Informationen, Dokumente und Dienstleistungen zugreifen, die auf der Seite myilr.lu angeboten werden, wird davon ausgegangen, dass diese die Allgemeinen Nutzungsbedingungen vollst\u00e4ndig zur Kenntnis genommen haben und damit einverstanden sind. Herausgeber der Seite myilr.lu ist eine Webseite, die vom Institut Luxembourgeois de R\u00e9gulation (ILR) herausgegeben wird. Auf dieser [&hellip;]<\/p>\n","protected":false},"author":1,"featured_media":0,"parent":0,"menu_order":4,"comment_status":"closed","ping_status":"closed","template":"","meta":{"_acf_changed":false,"footnotes":""},"class_list":["post-945","page","type-page","status-publish","hentry"],"acf":[],"_links":{"self":[{"href":"https:\/\/www.myilr.lu\/de\/wp-json\/wp\/v2\/pages\/945","targetHints":{"allow":["GET"]}}],"collection":[{"href":"https:\/\/www.myilr.lu\/de\/wp-json\/wp\/v2\/pages"}],"about":[{"href":"https:\/\/www.myilr.lu\/de\/wp-json\/wp\/v2\/types\/page"}],"author":[{"embeddable":true,"href":"https:\/\/www.myilr.lu\/de\/wp-json\/wp\/v2\/users\/1"}],"replies":[{"embeddable":true,"href":"https:\/\/www.myilr.lu\/de\/wp-json\/wp\/v2\/comments?post=945"}],"version-history":[{"count":5,"href":"https:\/\/www.myilr.lu\/de\/wp-json\/wp\/v2\/pages\/945\/revisions"}],"predecessor-version":[{"id":1876,"href":"https:\/\/www.myilr.lu\/de\/wp-json\/wp\/v2\/pages\/945\/revisions\/1876"}],"wp:attachment":[{"href":"https:\/\/www.myilr.lu\/de\/wp-json\/wp\/v2\/media?parent=945"}],"curies":[{"name":"wp","href":"https:\/\/api.w.org\/{rel}","templated":true}]}}