{"id":621,"date":"2022-05-18T14:49:21","date_gmt":"2022-05-18T12:49:21","guid":{"rendered":"https:\/\/staging.myilr.lu\/?page_id=621"},"modified":"2025-09-29T12:32:37","modified_gmt":"2025-09-29T10:32:37","slug":"was-ist-die-ilr","status":"publish","type":"page","link":"https:\/\/www.myilr.lu\/de\/was-ist-die-ilr\/","title":{"rendered":"Was ist das ILR"},"content":{"rendered":"\n<div class=\"wp-block-columns is-layout-flex wp-container-core-columns-is-layout-9d6595d7 wp-block-columns-is-layout-flex\">\n<div class=\"wp-block-column is-layout-flow wp-block-column-is-layout-flow\" style=\"flex-basis:100%\">\n<div class=\"wp-block-columns are-vertically-aligned-top is-layout-flex wp-container-core-columns-is-layout-9d6595d7 wp-block-columns-is-layout-flex\">\n<div class=\"wp-block-column is-vertically-aligned-top is-layout-flow wp-block-column-is-layout-flow\" style=\"flex-basis:75%\">\n<p><strong>Das \u201eInstitut Luxembourgeois de R\u00e9gulation\u201c (ILR) wurde 1997<\/strong> im Rahmen der Liberalisierung des Telekommunikationsmarktes gegr\u00fcndet. 2000 wurde das ILT als Folge der erweiterten Befugnisse zur Regulierung der Stromm\u00e4rkte und der Postdienste zur Luxemburgischen Regulierungsbeh\u00f6rde ILR.<\/p>\n\n\n\n<p><\/p>\n\n\n\n<p>Das ILR sichert und beaufsichtigt im Interesse der Verbraucherinnen und Verbraucher die reibungslose Funktion der M\u00e4rkte auf der Grundlage eines wirksamen und nachhaltigen Wettbewerbs und gew\u00e4hrleistet gleichzeitig eine Grundversorgung.<\/p>\n\n\n\n<p><\/p>\n\n\n\n<p>Das ILR ist eine unabh\u00e4ngige Beh\u00f6rde, die f\u00fcr die Regulierung der elektronischen Kommunikationsnetze und -dienste, des Transports und der Verteilung von Strom und Erdgas, der Postdienste, des Schienenverkehrs und der Flughafengeb\u00fchren zust\u00e4ndig ist. Dar\u00fcber hinaus verwaltet und koordiniert das ILR die Funkfrequenzen. Seit 2019 ist das ILR au\u00dferdem zentrale Anlaufstelle f\u00fcr Luxemburg und die zust\u00e4ndige Beh\u00f6rde f\u00fcr die Sicherheit von Netzen und Informationssystemen, die unter anderem die folgenden Sektoren abdeckt: Energie, Verkehr, Gesundheit, Trinkwasserversorgung und -verteilung sowie digitale Infrastruktur und digitale Dienstleistungen.<\/p>\n\n\n\n<div style=\"height:60px\" aria-hidden=\"true\" class=\"wp-block-spacer\"><\/div>\n<\/div>\n<\/div>\n\n\n\n<div class=\"wp-block-columns are-vertically-aligned-top is-layout-flex wp-container-core-columns-is-layout-9d6595d7 wp-block-columns-is-layout-flex\">\n<div class=\"wp-block-column is-vertically-aligned-top is-layout-flow wp-block-column-is-layout-flow\" style=\"flex-basis:60px\">\n<figure class=\"wp-block-image size-large\"><img decoding=\"async\" src=\"http:\/\/myilr.clients.h2a.lu\/wp-content\/uploads\/2025\/07\/icon-info.svg\" alt=\"\" class=\"wp-image-29112\"\/><\/figure>\n<\/div>\n\n\n\n<div class=\"wp-block-column is-vertically-aligned-top is-layout-flow wp-block-column-is-layout-flow\" style=\"flex-basis:75%\">\n<p class=\"has-text-align-left\"><strong>Das Institut ist unter anderem zur Regulierung in den von ihm beaufsichtigten Bereichen beauftragt.<br>Dar\u00fcber hinaus ist er befugt, Verwaltungssanktionen gegen Unternehmen zu verh\u00e4ngen, die sich nicht an die geltenden Gesetze halten.<\/strong><\/p>\n\n\n\n<p class=\"has-text-align-left\"><strong>Weitere Informationen zum Auftrag des ILR: <a href=\"https:\/\/www.ilr.lu\" target=\"_blank\" rel=\"noopener\">www.ilr.lu<\/a><\/strong><\/p>\n<\/div>\n<\/div>\n<\/div>\n<\/div>\n","protected":false},"excerpt":{"rendered":"<p>Das \u201eInstitut Luxembourgeois de R\u00e9gulation\u201c (ILR) wurde 1997 im Rahmen der Liberalisierung des Telekommunikationsmarktes gegr\u00fcndet. 2000 wurde das ILT als Folge der erweiterten Befugnisse zur Regulierung der Stromm\u00e4rkte und der Postdienste zur Luxemburgischen Regulierungsbeh\u00f6rde ILR. Das ILR sichert und beaufsichtigt im Interesse der Verbraucherinnen und Verbraucher die reibungslose Funktion der M\u00e4rkte auf der Grundlage eines [&hellip;]<\/p>\n","protected":false},"author":1,"featured_media":0,"parent":0,"menu_order":2,"comment_status":"closed","ping_status":"closed","template":"page-template2.php","meta":{"_acf_changed":false,"footnotes":""},"class_list":["post-621","page","type-page","status-publish","hentry"],"acf":[],"_links":{"self":[{"href":"https:\/\/www.myilr.lu\/de\/wp-json\/wp\/v2\/pages\/621","targetHints":{"allow":["GET"]}}],"collection":[{"href":"https:\/\/www.myilr.lu\/de\/wp-json\/wp\/v2\/pages"}],"about":[{"href":"https:\/\/www.myilr.lu\/de\/wp-json\/wp\/v2\/types\/page"}],"author":[{"embeddable":true,"href":"https:\/\/www.myilr.lu\/de\/wp-json\/wp\/v2\/users\/1"}],"replies":[{"embeddable":true,"href":"https:\/\/www.myilr.lu\/de\/wp-json\/wp\/v2\/comments?post=621"}],"version-history":[{"count":6,"href":"https:\/\/www.myilr.lu\/de\/wp-json\/wp\/v2\/pages\/621\/revisions"}],"predecessor-version":[{"id":29087,"href":"https:\/\/www.myilr.lu\/de\/wp-json\/wp\/v2\/pages\/621\/revisions\/29087"}],"wp:attachment":[{"href":"https:\/\/www.myilr.lu\/de\/wp-json\/wp\/v2\/media?parent=621"}],"curies":[{"name":"wp","href":"https:\/\/api.w.org\/{rel}","templated":true}]}}