{"id":1216,"date":"2023-04-12T12:44:04","date_gmt":"2023-04-12T10:44:04","guid":{"rendered":"https:\/\/staging.myilr.lu\/?page_id=1216"},"modified":"2025-06-25T09:43:31","modified_gmt":"2025-06-25T07:43:31","slug":"abschaltung-des-kupfernetzes","status":"publish","type":"page","link":"https:\/\/www.myilr.lu\/de\/abschaltung-des-kupfernetzes\/","title":{"rendered":"Ist Ihre Internetverbindung bereit f\u00fcr die Zukunft?"},"content":{"rendered":"\n<div style=\"height:60px\" aria-hidden=\"true\" class=\"wp-block-spacer\"><\/div>\n\n\n\n<h3 class=\"wp-block-heading\" style=\"font-size:2em\"><strong>Bereiten Sie sich darauf vor, Ihr Kupfernetz durch ein Glasfasernetz zu ersetzen<\/strong><\/h3>\n\n\n\n<h4 class=\"wp-block-heading\">WARUM SOLLTE ICH DIE TECHNOLOGIE WECHSELN?<\/h4>\n\n\n\n<p>Das Kupfernetz wird schrittweise durch ein Glasfasernetz ersetzt.<\/p>\n\n\n\n<p>Heute st\u00f6\u00dft das Kupfernetz an die Grenzen seiner technischen M\u00f6glichkeiten. Das alternde und manchmal veraltete Kupfernetz entspricht nicht mehr den Bed\u00fcrfnissen und der Nachfrage einer Gesellschaft, die exponentiell Daten konsumiert und produziert, insbesondere durch Online-Tools f\u00fcr Telearbeit oder Ausbildung, Videoanwendungen oder Online-Beh\u00f6rdendienste usw.<br>Ein Hochgeschwindigkeitsnetz &#8211; schnell, modern und zuverl\u00e4ssig &#8211; wird daher unerl\u00e4sslich.<\/p>\n\n\n\n<p>Hochgeschwindigkeitsnetze bieten h\u00f6here Geschwindigkeiten, eine bessere Nutzungseffizienz und verringern den \u00f6kologischen Fu\u00dfabdruck.<br>Mit dem Ausbau der Glasfaserinfrastruktur ist die Instandhaltung des Kupfernetzes nicht mehr relevant. Die endg\u00fcltige Abschaltung des Kupfernetzes wird daher f\u00fcr etwa 2030 erwartet.<\/p>\n\n\n\n<h4 class=\"wp-block-heading\">WAS IST ZU TUN?<\/h4>\n\n\n\n<p>Wenn Ihre Verbindung auf dem Kupfernetz basiert, dann ist es an der Zeit, einen Gang h\u00f6her zu schalten und sich f\u00fcr ein Hochgeschwindigkeitsnetz aus Glasfaser, Kabel, 5G oder Satellit zu entscheiden.<\/p>\n\n\n\n<h4 class=\"wp-block-heading\">IHR ABMELDEDATUM KENNEN<\/h4>\n\n\n\n<p>Wenn Sie von Ihrem Anbieter noch nicht kontaktiert wurden und um diesen Schritt vorzubereiten, haben Sie die M\u00f6glichkeit, Ihr Abschaltdatum mit dem untenstehenden Formular zu \u00fcberpr\u00fcfen.<\/p>\n\n\n\n<p><\/p>\n\n\n<section class=\" reveal reveal-visible-1 is-inset-y-48 is-shadow-2\" id=\"copper\">\n    <div class=\"bloc-copper\">\n        <div class=\"row bloc-copper-row\">\n            <div class=\"col-xs-12\">\n                <h2 class=\"bloc-copper-title \">\n                    <div class=\"bloc-copper-title-icon\">\n                        <img decoding=\"async\" src=\"https:\/\/www.myilr.lu\/wp-content\/themes\/myilr-2025\/img\/icon-searchmap.svg\" width=\"60\">    \n                    <\/div>\n                    <div class=\"bloc-copper-title-text\">\n                        \u00dcBERPR\u00dcFEN, WANN DAS KUPFERNETZ AN IHRER ADRESSE ABGESCHALTET WIRD                    <\/div>\n                <\/h2>\n                <form id=\"cfo-form\" class=\"bloc-copper-form\">\n                    <div class=\"row\">\n                        <div class=\"col-xs-12 col-md bloc-copper-form-zip\">\n                            <label for=\"cfo-zipcode\" class=\"form-label\">Postleitzahl<\/label>\n                            <div class=\"input-group mb-3\">\n                                <span class=\"prefixeLux\">L-<\/span> \n                                <input type=\"number\" id=\"cfo-zipcode\" placeholder=\"1234\" min=\"1000\" maxlength=\"4\" minlength=\"4\" size=\"4\" pattern=\"\\d+\" required=\"required\">\n                            <\/div>\n                        <\/div>\n                        <div class=\"col-xs-12 col-md bloc-copper-form-city\">\n                            <label for=\"cfo-city\" class=\"form-label\">Stadt<\/label>\n                            <select id=\"cfo-city\" class=\"form-select\" disabled>\n                                <option><\/option>\n                            <\/select>\n                        <\/div>\n                        <div class=\"col-xs-12 col-md bloc-copper-form-street\">\n                            <label for=\"cfo-street\" class=\"form-label\">Stra\u00dfe<\/label>\n                            <select id=\"cfo-street\" class=\"form-select\" disabled>\n                                <option><\/option>\n                            <\/select>\n                        <\/div>\n                        <div class=\"col-xs-12 col-md bloc-copper-form-number\">\n                            <label for=\"cfo-number\" class=\"form-label\">Nummer<\/label>\n                            <select id=\"cfo-number\" class=\"form-select\" disabled>\n                                <option><\/option>\n                            <\/select>\n                        <\/div>\n                    <\/div>\n                    <div class=\"row \">\n                        <div class=\"col-xs is-inset-top-20  is-text-center\">\n                            <button type=\"submit\" class=\"button btn btn-primary bloc-copper-form-button\" disabled>Datum sehen<\/button>\n                        <\/div>\n                    <\/div>\n                <\/form>\n                <div id=\"cfo-response\"><\/div>\n            <\/div>\n        <\/div>\n    <\/div>   \n<\/section>\n\n\n<p>Bei Bedarf Ihren Anbieter oder einen anderen Anbieter Ihrer Wahl zu kontaktieren, um m\u00f6gliche Alternativen zu pr\u00fcfen.<\/p>\n\n\n\n<p>Wenn Sie sich bereits f\u00fcr einen elektronischen Kommunikationsdienst (Festnetztelefonie und Internet) entschieden haben, der auf einem Hochgeschwindigkeitsnetz (Glasfaser-, Kabel-, 5G- oder Satellitennetz) basiert, wird die Abschaltung des Kupfernetzes an Ihrer Adresse keine Auswirkungen auf Sie haben.<\/p>\n\n\n\n<p>Im Zweifelsfall wenden Sie sich an Ihren Netzbetreiber. Sie k\u00f6nnen auch unsere <a href=\"https:\/\/www.myilr.lu\/de\/meine-fragen\/faq-abschaltung-des-kupfernetzes\/fragen\/\">FAQs<\/a> lesen.<\/p>\n\n\n\n<h4 class=\"wp-block-heading\">M\u00d6GLICHE TECHNISCHE L\u00d6SUNGEN<\/h4>\n\n\n\n<p>Glasfaser &#8211; Kabel &#8211; Satellit &#8211; 5G<\/p>\n\n\n\n<p>Die Betreiber planen, das Kupfernetz schrittweise durch ein Glasfasernetz zu ersetzen. Es gibt jedoch neben dem Glasfasernetz auch andere Hochgeschwindigkeitstechnologien wie Kabel, Satellit oder 5G.<\/p>\n\n\n\n<ul class=\"wp-block-list\">\n<li>Das Koaxialkabel ist heute bei 90 % der Haushalte verf\u00fcgbar und erm\u00f6glicht Geschwindigkeiten bis zu 1 Gbit\/s im Download.<\/li>\n\n\n\n<li>Satellit ist eine Alternative f\u00fcr abgelegene Standorte oder wenn ein Kabelanschluss technisch schwierig ist.<\/li>\n\n\n\n<li>5G, eine Mobilfunktechnologie, die auch f\u00fcr station\u00e4re Zwecke genutzt werden kann und bis 2025 eine landesweite Abdeckung von 100 % erreichen soll.<\/li>\n<\/ul>\n\n\n\n<h4 class=\"wp-block-heading\">VORTEILE VON HOCHGESCHWINDIGKEITSNETZEN IM VERGLEICH ZUM KUPFERNETZ.<\/h4>\n\n\n\n<ul class=\"wp-block-list\">\n<li>Schnellere und leistungsf\u00e4higere Daten\u00fcbertragung, die Geschwindigkeiten von bis zu 1 Gigabit\/s und mehr erm\u00f6glicht.<\/li>\n\n\n\n<li>Weniger energieintensiv, und somit umweltfreundlicher und nachhaltiger.<\/li>\n\n\n\n<li>Geringe Latenzzeit, was vor allem f\u00fcr Videoanwendungen von Interesse ist.<\/li>\n\n\n\n<li>M\u00f6glichkeit, mehrere Ger\u00e4te gleichzeitig mit dem Internet zu verbinden und dabei die gleiche Dienstqualit\u00e4t mit einer fl\u00fcssigen Verbindung ohne Unterbrechungen beizubehalten.<\/li>\n\n\n\n<li>Erm\u00f6glicht neue Nutzungsm\u00f6glichkeiten (E-Health, Metaversum, \u2026).<\/li>\n<\/ul>\n\n\n\n<h4 class=\"wp-block-heading\">KENNEN SIE DIE ABDECKUNG MIT HOCHGESCHWINDIGKEITSNETZEN?<\/h4>\n\n\n\n<p>Mit wenigen Klicks k\u00f6nnen Sie herausfinden, wie die Abdeckung in Luxemburg durch feste und mobile Internetnetze ist, und zwar nach Zone (Gemeinde, Adresse, Raster 1kmx1km f\u00fcr das Festnetz, 100mx100m f\u00fcr den Mobilfunk), nach Technologie oder nach Betreiber. Dank der geografischen Erhebung des ILR verf\u00fcgen Sie \u00fcber Informationen \u00fcber die Netzabdeckung der Betreiber nach Art der Infrastruktur in Luxemburg.<\/p>\n\n\n\n<p>\u00dcberpr\u00fcfen Sie jetzt die Qualit\u00e4t und Abdeckung Ihrer <a href=\"https:\/\/www.ilr.lu\/espace-statistiques\/releve-geographique\/\" target=\"_blank\" rel=\"noreferrer noopener\">Festnetz- und Mobilfunknetze<\/a><\/p>\n\n\n\n<p>Laden Sie unsere <a href=\"https:\/\/www.myilr.lu\/wp-content\/uploads\/2025\/06\/ILR_flyer-operateurs_A4_DE_20250523.pdf\" target=\"_blank\" data-type=\"link\" data-id=\"https:\/\/staging.myilr.lu\/wp-content\/uploads\/2023\/12\/ILR_flyerDE-A4_operateurs.pdf\" rel=\"noreferrer noopener\">Brosch\u00fcre \u00fcber den Kupferausstieg <\/a><a href=\"https:\/\/www.myilr.lu\/wp-content\/uploads\/2023\/12\/ILR_flyerDE-A4_operateurs.pdf\" data-type=\"link\" data-id=\"https:\/\/staging.myilr.lu\/wp-content\/uploads\/2023\/12\/ILR_flyerDE-A4_operateurs.pdf\">h<\/a><a href=\"https:\/\/staging.myilr.lu\/wp-content\/uploads\/2023\/12\/ILR_flyerDE-A4_operateurs.pdf\" data-type=\"link\" data-id=\"https:\/\/staging.myilr.lu\/wp-content\/uploads\/2023\/12\/ILR_flyerDE-A4_operateurs.pdf\" target=\"_blank\" rel=\"noopener\">erunter<\/a>.<\/p>\n\n\n\n<p><\/p>\n","protected":false},"excerpt":{"rendered":"<p>Bereiten Sie sich darauf vor, Ihr Kupfernetz durch ein Glasfasernetz zu ersetzen WARUM SOLLTE ICH DIE TECHNOLOGIE WECHSELN? Das Kupfernetz wird schrittweise durch ein Glasfasernetz ersetzt. Heute st\u00f6\u00dft das Kupfernetz an die Grenzen seiner technischen M\u00f6glichkeiten. Das alternde und manchmal veraltete Kupfernetz entspricht nicht mehr den Bed\u00fcrfnissen und der Nachfrage einer Gesellschaft, die exponentiell Daten [&hellip;]<\/p>\n","protected":false},"author":1,"featured_media":1114,"parent":0,"menu_order":0,"comment_status":"closed","ping_status":"closed","template":"page-thematique.php","meta":{"_acf_changed":false,"footnotes":""},"class_list":["post-1216","page","type-page","status-publish","has-post-thumbnail","hentry"],"acf":[],"_links":{"self":[{"href":"https:\/\/www.myilr.lu\/de\/wp-json\/wp\/v2\/pages\/1216","targetHints":{"allow":["GET"]}}],"collection":[{"href":"https:\/\/www.myilr.lu\/de\/wp-json\/wp\/v2\/pages"}],"about":[{"href":"https:\/\/www.myilr.lu\/de\/wp-json\/wp\/v2\/types\/page"}],"author":[{"embeddable":true,"href":"https:\/\/www.myilr.lu\/de\/wp-json\/wp\/v2\/users\/1"}],"replies":[{"embeddable":true,"href":"https:\/\/www.myilr.lu\/de\/wp-json\/wp\/v2\/comments?post=1216"}],"version-history":[{"count":11,"href":"https:\/\/www.myilr.lu\/de\/wp-json\/wp\/v2\/pages\/1216\/revisions"}],"predecessor-version":[{"id":28998,"href":"https:\/\/www.myilr.lu\/de\/wp-json\/wp\/v2\/pages\/1216\/revisions\/28998"}],"wp:featuredmedia":[{"embeddable":true,"href":"https:\/\/www.myilr.lu\/de\/wp-json\/wp\/v2\/media\/1114"}],"wp:attachment":[{"href":"https:\/\/www.myilr.lu\/de\/wp-json\/wp\/v2\/media?parent=1216"}],"curies":[{"name":"wp","href":"https:\/\/api.w.org\/{rel}","templated":true}]}}